{"id":21,"date":"2022-12-07T15:29:27","date_gmt":"2022-12-07T15:29:27","guid":{"rendered":"https:\/\/diabetes-rh.ch\/?page_id=21"},"modified":"2023-04-25T11:19:37","modified_gmt":"2023-04-25T11:19:37","slug":"von-diabetiker-zu-diabetiker","status":"publish","type":"page","link":"https:\/\/diabetes-rh.ch\/","title":{"rendered":"Von Diabetiker zu Diabetiker"},"content":{"rendered":"\n<p><strong>Ich bin deine Begleitung, dein Ratgeber, deine Hilfe und dein Freund<\/strong><\/p>\n\n\n\n<p class=\"has-text-align-left\"><br>Warum stimmt mein Blutzucker nicht?<br>Bekommst du deine Blutzuckerwerte trotz fachkundiger Beratung einfach nicht in den Griff?\u00a0 Genau so ging es mir auch. Ich ging zur Diabetes-Beratung, wurde dort mit gutgemeinten Fachbegriffen in Fachchinesisch \u00fcberflutet und habe davon schlussendlich nichts verstanden. So blieb mir nichts \u00fcbrig, als im Alltag meine Erfahrungen zu machen. Dabei habe ich wie all die anderen Diabetiker in der Praxis gute und schlechte gemacht. Da hast du es besser, denn ich helfe dir dabei. Damit du nicht den gleichen Weg wie ich gehen musst, habe ich f\u00fcr dich ein Buch von Diabetiker zu Diabetiker geschrieben. Darin erkl\u00e4re ich dir alles Wissenswerte was in deinem Alltag wirklich z\u00e4hlt, das in Nicht-Fachchinesisch und leicht verst\u00e4ndlich. Weiter Themen sind: Tipps f\u00fcr deinen Alltag, wie bekomme ich meinen Blutzucker wieder in den Griff, Gr\u00fcnde f\u00fcr schlechte Werte, richtige Reaktion bei Unter-\/\u00dcberzuckerung, Therapieinfos, alles ums Insulinspritzen\/-lagern, was kann ich noch essen und trinken, ausw\u00e4rts essen, Reisen, Sport, Autofahren, Risiken, Gefahren usw. um nur einige daraus zu erw\u00e4hnen. Dazu wie man als Nicht-Profikoch schnelle, feine, g\u00fcnstige Saucen und Gerichte zubereitet.<\/p>\n\n\n\n<p>Profitiere jetzt von meinen Erfahrungen und verbessere ab sofort deine Werte.<\/p>\n\n\n\n<figure class=\"wp-block-image size-full\"><img loading=\"lazy\" decoding=\"async\" width=\"425\" height=\"281\" src=\"https:\/\/diabetes-rh.ch\/wp-content\/uploads\/2022\/12\/Startseite.png\" alt=\"\" class=\"wp-image-22\" srcset=\"https:\/\/diabetes-rh.ch\/wp-content\/uploads\/2022\/12\/Startseite.png 425w, https:\/\/diabetes-rh.ch\/wp-content\/uploads\/2022\/12\/Startseite-300x198.png 300w\" sizes=\"auto, (max-width: 425px) 100vw, 425px\" \/><\/figure>\n","protected":false},"excerpt":{"rendered":"<p>Ich bin deine Begleitung, dein Ratgeber, deine Hilfe und dein Freund Warum stimmt mein Blutzucker nicht?Bekommst du deine Blutzuckerwerte trotz fachkundiger Beratung einfach&hellip;<\/p>\n","protected":false},"author":1,"featured_media":0,"parent":0,"menu_order":0,"comment_status":"closed","ping_status":"closed","template":"","meta":{"footnotes":""},"class_list":["post-21","page","type-page","status-publish","hentry"],"yoast_head":"<!-- This site is optimized with the Yoast SEO plugin v27.4 - https:\/\/yoast.com\/product\/yoast-seo-wordpress\/ -->\n<title>Von Diabetiker zu Diabetiker - Diabetes RH<\/title>\n<meta name=\"robots\" content=\"index, follow, max-snippet:-1, max-image-preview:large, max-video-preview:-1\" \/>\n<link rel=\"canonical\" href=\"https:\/\/diabetes-rh.ch\/\" \/>\n<meta property=\"og:locale\" content=\"de_DE\" \/>\n<meta property=\"og:type\" content=\"article\" \/>\n<meta property=\"og:title\" content=\"Von Diabetiker zu Diabetiker - Diabetes RH\" \/>\n<meta property=\"og:description\" content=\"Ich bin deine Begleitung, dein Ratgeber, deine Hilfe und dein Freund Warum stimmt mein Blutzucker nicht?Bekommst du deine Blutzuckerwerte trotz fachkundiger Beratung einfach&hellip;\" \/>\n<meta property=\"og:url\" content=\"https:\/\/diabetes-rh.ch\/\" \/>\n<meta property=\"og:site_name\" content=\"Diabetes RH\" \/>\n<meta property=\"article:modified_time\" content=\"2023-04-25T11:19:37+00:00\" \/>\n<meta property=\"og:image\" content=\"https:\/\/diabetes-rh.ch\/wp-content\/uploads\/2022\/12\/Startseite.png\" \/>\n<meta name=\"twitter:card\" content=\"summary_large_image\" \/>\n<meta name=\"twitter:label1\" content=\"Gesch\u00e4tzte Lesezeit\" \/>\n\t<meta name=\"twitter:data1\" content=\"2\u00a0Minuten\" \/>\n<script type=\"application\/ld+json\" class=\"yoast-schema-graph\">{\"@context\":\"https:\\\/\\\/schema.org\",\"@graph\":[{\"@type\":\"WebPage\",\"@id\":\"https:\\\/\\\/diabetes-rh.ch\\\/\",\"url\":\"https:\\\/\\\/diabetes-rh.ch\\\/\",\"name\":\"Von Diabetiker zu Diabetiker - Diabetes RH\",\"isPartOf\":{\"@id\":\"https:\\\/\\\/diabetes-rh.ch\\\/#website\"},\"primaryImageOfPage\":{\"@id\":\"https:\\\/\\\/diabetes-rh.ch\\\/#primaryimage\"},\"image\":{\"@id\":\"https:\\\/\\\/diabetes-rh.ch\\\/#primaryimage\"},\"thumbnailUrl\":\"https:\\\/\\\/diabetes-rh.ch\\\/wp-content\\\/uploads\\\/2022\\\/12\\\/Startseite.png\",\"datePublished\":\"2022-12-07T15:29:27+00:00\",\"dateModified\":\"2023-04-25T11:19:37+00:00\",\"breadcrumb\":{\"@id\":\"https:\\\/\\\/diabetes-rh.ch\\\/#breadcrumb\"},\"inLanguage\":\"de-CH\",\"potentialAction\":[{\"@type\":\"ReadAction\",\"target\":[\"https:\\\/\\\/diabetes-rh.ch\\\/\"]}]},{\"@type\":\"ImageObject\",\"inLanguage\":\"de-CH\",\"@id\":\"https:\\\/\\\/diabetes-rh.ch\\\/#primaryimage\",\"url\":\"https:\\\/\\\/diabetes-rh.ch\\\/wp-content\\\/uploads\\\/2022\\\/12\\\/Startseite.png\",\"contentUrl\":\"https:\\\/\\\/diabetes-rh.ch\\\/wp-content\\\/uploads\\\/2022\\\/12\\\/Startseite.png\",\"width\":425,\"height\":281},{\"@type\":\"BreadcrumbList\",\"@id\":\"https:\\\/\\\/diabetes-rh.ch\\\/#breadcrumb\",\"itemListElement\":[{\"@type\":\"ListItem\",\"position\":1,\"name\":\"Home\",\"item\":\"https:\\\/\\\/diabetes-rh.ch\\\/\"},{\"@type\":\"ListItem\",\"position\":2,\"name\":\"Von Diabetiker zu Diabetiker\"}]},{\"@type\":\"WebSite\",\"@id\":\"https:\\\/\\\/diabetes-rh.ch\\\/#website\",\"url\":\"https:\\\/\\\/diabetes-rh.ch\\\/\",\"name\":\"Diabetes RH\",\"description\":\"\",\"potentialAction\":[{\"@type\":\"SearchAction\",\"target\":{\"@type\":\"EntryPoint\",\"urlTemplate\":\"https:\\\/\\\/diabetes-rh.ch\\\/?s={search_term_string}\"},\"query-input\":{\"@type\":\"PropertyValueSpecification\",\"valueRequired\":true,\"valueName\":\"search_term_string\"}}],\"inLanguage\":\"de-CH\"}]}<\/script>\n<!-- \/ Yoast SEO plugin. -->","yoast_head_json":{"title":"Von Diabetiker zu Diabetiker - Diabetes RH","robots":{"index":"index","follow":"follow","max-snippet":"max-snippet:-1","max-image-preview":"max-image-preview:large","max-video-preview":"max-video-preview:-1"},"canonical":"https:\/\/diabetes-rh.ch\/","og_locale":"de_DE","og_type":"article","og_title":"Von Diabetiker zu Diabetiker - Diabetes RH","og_description":"Ich bin deine Begleitung, dein Ratgeber, deine Hilfe und dein Freund Warum stimmt mein Blutzucker nicht?Bekommst du deine Blutzuckerwerte trotz fachkundiger Beratung einfach&hellip;","og_url":"https:\/\/diabetes-rh.ch\/","og_site_name":"Diabetes RH","article_modified_time":"2023-04-25T11:19:37+00:00","og_image":[{"url":"https:\/\/diabetes-rh.ch\/wp-content\/uploads\/2022\/12\/Startseite.png","type":"","width":"","height":""}],"twitter_card":"summary_large_image","twitter_misc":{"Gesch\u00e4tzte Lesezeit":"2\u00a0Minuten"},"schema":{"@context":"https:\/\/schema.org","@graph":[{"@type":"WebPage","@id":"https:\/\/diabetes-rh.ch\/","url":"https:\/\/diabetes-rh.ch\/","name":"Von Diabetiker zu Diabetiker - Diabetes RH","isPartOf":{"@id":"https:\/\/diabetes-rh.ch\/#website"},"primaryImageOfPage":{"@id":"https:\/\/diabetes-rh.ch\/#primaryimage"},"image":{"@id":"https:\/\/diabetes-rh.ch\/#primaryimage"},"thumbnailUrl":"https:\/\/diabetes-rh.ch\/wp-content\/uploads\/2022\/12\/Startseite.png","datePublished":"2022-12-07T15:29:27+00:00","dateModified":"2023-04-25T11:19:37+00:00","breadcrumb":{"@id":"https:\/\/diabetes-rh.ch\/#breadcrumb"},"inLanguage":"de-CH","potentialAction":[{"@type":"ReadAction","target":["https:\/\/diabetes-rh.ch\/"]}]},{"@type":"ImageObject","inLanguage":"de-CH","@id":"https:\/\/diabetes-rh.ch\/#primaryimage","url":"https:\/\/diabetes-rh.ch\/wp-content\/uploads\/2022\/12\/Startseite.png","contentUrl":"https:\/\/diabetes-rh.ch\/wp-content\/uploads\/2022\/12\/Startseite.png","width":425,"height":281},{"@type":"BreadcrumbList","@id":"https:\/\/diabetes-rh.ch\/#breadcrumb","itemListElement":[{"@type":"ListItem","position":1,"name":"Home","item":"https:\/\/diabetes-rh.ch\/"},{"@type":"ListItem","position":2,"name":"Von Diabetiker zu Diabetiker"}]},{"@type":"WebSite","@id":"https:\/\/diabetes-rh.ch\/#website","url":"https:\/\/diabetes-rh.ch\/","name":"Diabetes RH","description":"","potentialAction":[{"@type":"SearchAction","target":{"@type":"EntryPoint","urlTemplate":"https:\/\/diabetes-rh.ch\/?s={search_term_string}"},"query-input":{"@type":"PropertyValueSpecification","valueRequired":true,"valueName":"search_term_string"}}],"inLanguage":"de-CH"}]}},"jetpack_sharing_enabled":true,"_links":{"self":[{"href":"https:\/\/diabetes-rh.ch\/index.php?rest_route=\/wp\/v2\/pages\/21","targetHints":{"allow":["GET"]}}],"collection":[{"href":"https:\/\/diabetes-rh.ch\/index.php?rest_route=\/wp\/v2\/pages"}],"about":[{"href":"https:\/\/diabetes-rh.ch\/index.php?rest_route=\/wp\/v2\/types\/page"}],"author":[{"embeddable":true,"href":"https:\/\/diabetes-rh.ch\/index.php?rest_route=\/wp\/v2\/users\/1"}],"replies":[{"embeddable":true,"href":"https:\/\/diabetes-rh.ch\/index.php?rest_route=%2Fwp%2Fv2%2Fcomments&post=21"}],"version-history":[{"count":3,"href":"https:\/\/diabetes-rh.ch\/index.php?rest_route=\/wp\/v2\/pages\/21\/revisions"}],"predecessor-version":[{"id":61,"href":"https:\/\/diabetes-rh.ch\/index.php?rest_route=\/wp\/v2\/pages\/21\/revisions\/61"}],"wp:attachment":[{"href":"https:\/\/diabetes-rh.ch\/index.php?rest_route=%2Fwp%2Fv2%2Fmedia&parent=21"}],"curies":[{"name":"wp","href":"https:\/\/api.w.org\/{rel}","templated":true}]}}